{"id":3515,"date":"2025-03-20T16:55:12","date_gmt":"2025-03-20T16:55:12","guid":{"rendered":"https:\/\/spiruvita.tn\/?post_type=product&#038;p=3515"},"modified":"2026-05-07T11:48:48","modified_gmt":"2026-05-07T11:48:48","slug":"spiruline-bio-60-comprimes","status":"publish","type":"product","link":"https:\/\/spiruvita.tn\/?product=spiruline-bio-60-comprimes","title":{"rendered":"Spiruline Bio (60 comprim\u00e9s)"},"content":{"rendered":"<p>Profiter des bienfaits de la spiruline dans un format pratique de comprim\u00e9s.<br \/>\nId\u00e9al pour une cure rapide, cette algue regorge de vitamines, min\u00e9raux et antioxidants.<\/p>\n","protected":false},"excerpt":{"rendered":"<p>Profiter des bienfaits de la spiruline dans un format pratique de comprim\u00e9s. Id\u00e9al pour une cure rapide, cette algue regorge de vitamines, min\u00e9raux et antioxidants.<\/p>\n","protected":false},"featured_media":3509,"comment_status":"open","ping_status":"closed","template":"","meta":{"site-sidebar-layout":"default","site-content-layout":"default","ast-main-header-display":"","ast-hfb-above-header-display":"","ast-hfb-below-header-display":"","ast-hfb-mobile-header-display":"","site-post-title":"","ast-breadcrumbs-content":"","ast-featured-img":"","footer-sml-layout":"","theme-transparent-header-meta":"default","adv-header-id-meta":"","stick-header-meta":"","header-above-stick-meta":"","header-main-stick-meta":"","header-below-stick-meta":""},"product_cat":[60],"product_tag":[81,59,78,77,80,79],"aioseo_notices":[],"_links":{"self":[{"href":"https:\/\/spiruvita.tn\/index.php?rest_route=\/wp\/v2\/product\/3515"}],"collection":[{"href":"https:\/\/spiruvita.tn\/index.php?rest_route=\/wp\/v2\/product"}],"about":[{"href":"https:\/\/spiruvita.tn\/index.php?rest_route=\/wp\/v2\/types\/product"}],"replies":[{"embeddable":true,"href":"https:\/\/spiruvita.tn\/index.php?rest_route=%2Fwp%2Fv2%2Fcomments&post=3515"}],"version-history":[{"count":2,"href":"https:\/\/spiruvita.tn\/index.php?rest_route=\/wp\/v2\/product\/3515\/revisions"}],"predecessor-version":[{"id":3517,"href":"https:\/\/spiruvita.tn\/index.php?rest_route=\/wp\/v2\/product\/3515\/revisions\/3517"}],"wp:featuredmedia":[{"embeddable":true,"href":"https:\/\/spiruvita.tn\/index.php?rest_route=\/wp\/v2\/media\/3509"}],"wp:attachment":[{"href":"https:\/\/spiruvita.tn\/index.php?rest_route=%2Fwp%2Fv2%2Fmedia&parent=3515"}],"wp:term":[{"taxonomy":"product_cat","embeddable":true,"href":"https:\/\/spiruvita.tn\/index.php?rest_route=%2Fwp%2Fv2%2Fproduct_cat&post=3515"},{"taxonomy":"product_tag","embeddable":true,"href":"https:\/\/spiruvita.tn\/index.php?rest_route=%2Fwp%2Fv2%2Fproduct_tag&post=3515"}],"curies":[{"name":"wp","href":"https:\/\/api.w.org\/{rel}","templated":true}]}}