{"id":3508,"date":"2025-03-20T16:35:47","date_gmt":"2025-03-20T16:35:47","guid":{"rendered":"https:\/\/spiruvita.tn\/?post_type=product&#038;p=3508"},"modified":"2026-05-07T11:48:48","modified_gmt":"2026-05-07T11:48:48","slug":"savon-a-la-spiruline","status":"publish","type":"product","link":"https:\/\/spiruvita.tn\/?product=savon-a-la-spiruline","title":{"rendered":"Savon \u00e0 la spiruline"},"content":{"rendered":"<p>Un savon naturel et nourrissant \u00e0 base de spiruline.<\/p>\n<p>Nettoie en douceur, hydrate et revitalise la peau gr\u00e2ce aux propri\u00e9t\u00e9s antioxydantes de cette algue merveilleuse.<\/p>\n","protected":false},"excerpt":{"rendered":"<p>Un savon naturel et nourrissant \u00e0 base de spiruline. Nettoie en douceur, hydrate et revitalise la peau gr\u00e2ce aux propri\u00e9t\u00e9s antioxydantes de cette algue merveilleuse.<\/p>\n","protected":false},"featured_media":3512,"comment_status":"open","ping_status":"closed","template":"","meta":{"site-sidebar-layout":"default","site-content-layout":"default","ast-main-header-display":"","ast-hfb-above-header-display":"","ast-hfb-below-header-display":"","ast-hfb-mobile-header-display":"","site-post-title":"","ast-breadcrumbs-content":"","ast-featured-img":"","footer-sml-layout":"","theme-transparent-header-meta":"default","adv-header-id-meta":"","stick-header-meta":"","header-above-stick-meta":"","header-main-stick-meta":"","header-below-stick-meta":""},"product_cat":[67],"product_tag":[76,68,73,74,70,72,71,75,69],"aioseo_notices":[],"_links":{"self":[{"href":"https:\/\/spiruvita.tn\/index.php?rest_route=\/wp\/v2\/product\/3508"}],"collection":[{"href":"https:\/\/spiruvita.tn\/index.php?rest_route=\/wp\/v2\/product"}],"about":[{"href":"https:\/\/spiruvita.tn\/index.php?rest_route=\/wp\/v2\/types\/product"}],"replies":[{"embeddable":true,"href":"https:\/\/spiruvita.tn\/index.php?rest_route=%2Fwp%2Fv2%2Fcomments&post=3508"}],"version-history":[{"count":1,"href":"https:\/\/spiruvita.tn\/index.php?rest_route=\/wp\/v2\/product\/3508\/revisions"}],"predecessor-version":[{"id":3513,"href":"https:\/\/spiruvita.tn\/index.php?rest_route=\/wp\/v2\/product\/3508\/revisions\/3513"}],"wp:featuredmedia":[{"embeddable":true,"href":"https:\/\/spiruvita.tn\/index.php?rest_route=\/wp\/v2\/media\/3512"}],"wp:attachment":[{"href":"https:\/\/spiruvita.tn\/index.php?rest_route=%2Fwp%2Fv2%2Fmedia&parent=3508"}],"wp:term":[{"taxonomy":"product_cat","embeddable":true,"href":"https:\/\/spiruvita.tn\/index.php?rest_route=%2Fwp%2Fv2%2Fproduct_cat&post=3508"},{"taxonomy":"product_tag","embeddable":true,"href":"https:\/\/spiruvita.tn\/index.php?rest_route=%2Fwp%2Fv2%2Fproduct_tag&post=3508"}],"curies":[{"name":"wp","href":"https:\/\/api.w.org\/{rel}","templated":true}]}}