{"id":3437,"date":"2024-01-21T12:24:29","date_gmt":"2024-01-21T12:24:29","guid":{"rendered":"https:\/\/spiruvita.tn\/?post_type=product&#038;p=3437"},"modified":"2026-04-06T23:38:21","modified_gmt":"2026-04-06T23:38:21","slug":"spiruline-bio-4-boites","status":"publish","type":"product","link":"https:\/\/spiruvita.tn\/?product=spiruline-bio-4-boites","title":{"rendered":"Spiruline Bio (4 boites)"},"content":{"rendered":"","protected":false},"excerpt":{"rendered":"<p>Compl\u00e9ment alimentaire \u00e0 base de <strong>spiruline bio<\/strong>\u00a0d\u2019exception, qui contient 60% de prot\u00e9ines, sans excipient, ni additif.<\/p>\n<p>Chaque comprim\u00e9 contient une poudre de spiruline concentr\u00e9e obtenue \u00e0 partir d&#8217;algue enti\u00e8re.<\/p>\n","protected":false},"featured_media":3439,"comment_status":"open","ping_status":"closed","template":"","meta":{"site-sidebar-layout":"default","site-content-layout":"default","ast-main-header-display":"","ast-hfb-above-header-display":"","ast-hfb-below-header-display":"","ast-hfb-mobile-header-display":"","site-post-title":"","ast-breadcrumbs-content":"","ast-featured-img":"","footer-sml-layout":"","theme-transparent-header-meta":"default","adv-header-id-meta":"","stick-header-meta":"","header-above-stick-meta":"","header-main-stick-meta":"","header-below-stick-meta":""},"product_cat":[60,54],"product_tag":[57,56,59,58,55],"aioseo_notices":[],"_links":{"self":[{"href":"https:\/\/spiruvita.tn\/index.php?rest_route=\/wp\/v2\/product\/3437"}],"collection":[{"href":"https:\/\/spiruvita.tn\/index.php?rest_route=\/wp\/v2\/product"}],"about":[{"href":"https:\/\/spiruvita.tn\/index.php?rest_route=\/wp\/v2\/types\/product"}],"replies":[{"embeddable":true,"href":"https:\/\/spiruvita.tn\/index.php?rest_route=%2Fwp%2Fv2%2Fcomments&post=3437"}],"version-history":[{"count":1,"href":"https:\/\/spiruvita.tn\/index.php?rest_route=\/wp\/v2\/product\/3437\/revisions"}],"predecessor-version":[{"id":3443,"href":"https:\/\/spiruvita.tn\/index.php?rest_route=\/wp\/v2\/product\/3437\/revisions\/3443"}],"wp:featuredmedia":[{"embeddable":true,"href":"https:\/\/spiruvita.tn\/index.php?rest_route=\/wp\/v2\/media\/3439"}],"wp:attachment":[{"href":"https:\/\/spiruvita.tn\/index.php?rest_route=%2Fwp%2Fv2%2Fmedia&parent=3437"}],"wp:term":[{"taxonomy":"product_cat","embeddable":true,"href":"https:\/\/spiruvita.tn\/index.php?rest_route=%2Fwp%2Fv2%2Fproduct_cat&post=3437"},{"taxonomy":"product_tag","embeddable":true,"href":"https:\/\/spiruvita.tn\/index.php?rest_route=%2Fwp%2Fv2%2Fproduct_tag&post=3437"}],"curies":[{"name":"wp","href":"https:\/\/api.w.org\/{rel}","templated":true}]}}